{"id":180,"date":"2025-06-17T06:27:22","date_gmt":"2025-06-17T06:27:22","guid":{"rendered":"https:\/\/blanboz.com\/?page_id=180"},"modified":"2025-06-30T19:20:26","modified_gmt":"2025-06-30T19:20:26","slug":"approved-bess-technology","status":"publish","type":"page","link":"https:\/\/blanboz.com\/es\/approved-bess-technology\/","title":{"rendered":"Tecnolog\u00eda BESS aprobada"},"content":{"rendered":"<p>El <strong>Sello de Blanboz<\/strong> le permite navegar por el complejo mercado de BESS con facilidad. Al combinar evaluaciones t\u00e9cnicas rigurosas con informaci\u00f3n del mundo real, le ayudamos <em>mitigar los riesgos, garantizar el cumplimiento y lograr el \u00e9xito del proyecto<\/em>. Nuestro sello es su garant\u00eda de calidad y fiabilidad en soluciones de almacenamiento de energ\u00eda.<\/p>","protected":false},"excerpt":{"rendered":"<p>El sello Blanboz le permite navegar por el complejo mercado de BESS con facilidad. Al combinar evaluaciones t\u00e9cnicas rigurosas con informaci\u00f3n del mundo real, lo ayudamos a mitigar los riesgos, garantizar el cumplimiento y lograr el \u00e9xito del proyecto.<\/p>","protected":false},"author":1,"featured_media":109,"parent":0,"menu_order":0,"comment_status":"closed","ping_status":"closed","template":"","meta":{"slim_seo":{"title":"Blanboz - Approved BESS technology","description":"The Blanboz Stamp empowers you to navigate the complex BESS market with ease. By combining rigorous technical assessments with real-world insights."},"footnotes":""},"class_list":["post-180","page","type-page","status-publish","has-post-thumbnail","hentry"],"meta_box":{"added_value":[]},"_links":{"self":[{"href":"https:\/\/blanboz.com\/es\/wp-json\/wp\/v2\/pages\/180","targetHints":{"allow":["GET"]}}],"collection":[{"href":"https:\/\/blanboz.com\/es\/wp-json\/wp\/v2\/pages"}],"about":[{"href":"https:\/\/blanboz.com\/es\/wp-json\/wp\/v2\/types\/page"}],"author":[{"embeddable":true,"href":"https:\/\/blanboz.com\/es\/wp-json\/wp\/v2\/users\/1"}],"replies":[{"embeddable":true,"href":"https:\/\/blanboz.com\/es\/wp-json\/wp\/v2\/comments?post=180"}],"version-history":[{"count":3,"href":"https:\/\/blanboz.com\/es\/wp-json\/wp\/v2\/pages\/180\/revisions"}],"predecessor-version":[{"id":183,"href":"https:\/\/blanboz.com\/es\/wp-json\/wp\/v2\/pages\/180\/revisions\/183"}],"wp:featuredmedia":[{"embeddable":true,"href":"https:\/\/blanboz.com\/es\/wp-json\/wp\/v2\/media\/109"}],"wp:attachment":[{"href":"https:\/\/blanboz.com\/es\/wp-json\/wp\/v2\/media?parent=180"}],"curies":[{"name":"wp","href":"https:\/\/api.w.org\/{rel}","templated":true}]}}