{"id":9,"date":"2025-03-21T21:35:08","date_gmt":"2025-03-21T21:35:08","guid":{"rendered":"https:\/\/blanboz.com\/?page_id=9"},"modified":"2025-04-30T11:42:38","modified_gmt":"2025-04-30T11:42:38","slug":"blanboz","status":"publish","type":"page","link":"https:\/\/blanboz.com\/es\/","title":{"rendered":"Blanboz"},"content":{"rendered":"<p>Sistemas de almacenamiento de energ\u00eda en bater\u00edas (BESS). Expertos en soluciones t\u00e9cnicas y comerciales avanzadas.<\/p>\n\n\n\n<p><a href=\"https:\/\/blanboz.com\/wp-admin\/edit.php?post_type=page\"><\/a><\/p>","protected":false},"excerpt":{"rendered":"<p>Sistemas de almacenamiento de energ\u00eda en bater\u00edas (BESS). Expertos en soluciones t\u00e9cnicas y comerciales avanzadas.<\/p>","protected":false},"author":1,"featured_media":0,"parent":0,"menu_order":0,"comment_status":"closed","ping_status":"closed","template":"","meta":{"slim_seo":{"description":"Battery energy storage systems (BESS). Experts in advanced technological and commercial solutions. Our experience in BESS solutions > 4GW \/ 12 GWh","title":"Blanboz - Battery energy storage systems"},"footnotes":""},"class_list":["post-9","page","type-page","status-publish","hentry"],"meta_box":{"added_value":[]},"_links":{"self":[{"href":"https:\/\/blanboz.com\/es\/wp-json\/wp\/v2\/pages\/9","targetHints":{"allow":["GET"]}}],"collection":[{"href":"https:\/\/blanboz.com\/es\/wp-json\/wp\/v2\/pages"}],"about":[{"href":"https:\/\/blanboz.com\/es\/wp-json\/wp\/v2\/types\/page"}],"author":[{"embeddable":true,"href":"https:\/\/blanboz.com\/es\/wp-json\/wp\/v2\/users\/1"}],"replies":[{"embeddable":true,"href":"https:\/\/blanboz.com\/es\/wp-json\/wp\/v2\/comments?post=9"}],"version-history":[{"count":2,"href":"https:\/\/blanboz.com\/es\/wp-json\/wp\/v2\/pages\/9\/revisions"}],"predecessor-version":[{"id":142,"href":"https:\/\/blanboz.com\/es\/wp-json\/wp\/v2\/pages\/9\/revisions\/142"}],"wp:attachment":[{"href":"https:\/\/blanboz.com\/es\/wp-json\/wp\/v2\/media?parent=9"}],"curies":[{"name":"wp","href":"https:\/\/api.w.org\/{rel}","templated":true}]}}